{"id":133,"date":"2025-11-17T20:12:17","date_gmt":"2025-11-17T19:12:17","guid":{"rendered":"https:\/\/cefoindigena.org\/?page_id=133"},"modified":"2026-04-10T22:26:44","modified_gmt":"2026-04-10T20:26:44","slug":"que-es-cefo","status":"publish","type":"page","link":"https:\/\/cefoindigena.org\/en\/que-es-cefo\/","title":{"rendered":"Qu\u00e9 es CEFO"},"content":{"rendered":"<div data-elementor-type=\"wp-page\" data-elementor-id=\"133\" class=\"elementor elementor-133\" data-elementor-post-type=\"page\">\n\t\t\t\t<div class=\"elementor-element elementor-element-39ddde9 e-con-full e-flex e-con e-parent\" data-id=\"39ddde9\" data-element_type=\"container\" data-e-type=\"container\" data-settings=\"{&quot;background_background&quot;:&quot;classic&quot;}\">\n\t\t<div class=\"elementor-element elementor-element-36d8221 e-con-full e-flex e-con e-child\" data-id=\"36d8221\" data-element_type=\"container\" data-e-type=\"container\">\n\t\t<div class=\"elementor-element elementor-element-e6fc193 e-con-full e-flex e-con e-child\" data-id=\"e6fc193\" data-element_type=\"container\" data-e-type=\"container\">\n\t\t<div class=\"elementor-element elementor-element-bc899f9 e-con-full e-flex e-con e-child\" data-id=\"bc899f9\" data-element_type=\"container\" data-e-type=\"container\">\n\t\t\t\t<div class=\"elementor-element elementor-element-252f58c elementor-widget elementor-widget-heading\" data-id=\"252f58c\" data-element_type=\"widget\" data-e-type=\"widget\" data-widget_type=\"heading.default\">\n\t\t\t\t\t<h2 class=\"elementor-heading-title elementor-size-default\">C\u00d3NOCENOS<\/h2>\t\t\t\t<\/div>\n\t\t\t\t<div class=\"elementor-element elementor-element-968f016 elementor-widget elementor-widget-heading\" data-id=\"968f016\" data-element_type=\"widget\" data-e-type=\"widget\" data-widget_type=\"heading.default\">\n\t\t\t\t\t<h2 class=\"elementor-heading-title elementor-size-default\">\u00bfQu\u00e9 es CEFO?<\/h2>\t\t\t\t<\/div>\n\t\t\t\t<div class=\"elementor-element elementor-element-e8129d9 elementor-widget elementor-widget-text-editor\" data-id=\"e8129d9\" data-element_type=\"widget\" data-e-type=\"widget\" data-widget_type=\"text-editor.default\">\n\t\t\t\t\t\t\t\t\t<p data-start=\"106\" data-end=\"344\">Se trata de una plataforma que brinda a los pueblos ind\u00edgenas acceso a recursos, informaci\u00f3n y herramientas sobre su cultura, historia y desaf\u00edos actuales. <strong>Su prop\u00f3sito es preservar y promover el conocimiento ind\u00edgena<\/strong>, fortalecer a las comunidades y apoyar sus formas de vida, ofreciendo adem\u00e1s un espacio para compartir experiencias y recibir apoyo.<\/p>\t\t\t\t\t\t\t\t<\/div>\n\t\t\t\t<div class=\"elementor-element elementor-element-4691b25 elementor-widget elementor-widget-text-editor\" data-id=\"4691b25\" data-element_type=\"widget\" data-e-type=\"widget\" data-widget_type=\"text-editor.default\">\n\t\t\t\t\t\t\t\t\t<p data-start=\"106\" data-end=\"344\">El Centro de Fortalecimiento de los Derechos Ind\u00edgenas (CEFO) es un proyecto innovador y colaborativo, creado en 2019 por la Fundaci\u00f3n Equitable Origin (EO) y la Coordinadora de las Organizaciones Ind\u00edgenas de la Cuenca Amaz\u00f3nica (COICA).<\/p>\t\t\t\t\t\t\t\t<\/div>\n\t\t\t\t<\/div>\n\t\t\t\t<div class=\"elementor-element elementor-element-d7e8463 elementor-widget elementor-widget-image\" data-id=\"d7e8463\" data-element_type=\"widget\" data-e-type=\"widget\" data-widget_type=\"image.default\">\n\t\t\t\t\t\t\t\t\t\t\t\t\t\t\t<img fetchpriority=\"high\" decoding=\"async\" width=\"800\" height=\"534\" src=\"https:\/\/cefoindigena.org\/wp-content\/uploads\/2025\/12\/Los-Bioemprendimientos-1024x683.jpg\" class=\"attachment-large size-large wp-image-5112\" alt=\"\" srcset=\"https:\/\/cefoindigena.org\/wp-content\/uploads\/2025\/12\/Los-Bioemprendimientos-1024x683.jpg 1024w, https:\/\/cefoindigena.org\/wp-content\/uploads\/2025\/12\/Los-Bioemprendimientos-300x200.jpg 300w, https:\/\/cefoindigena.org\/wp-content\/uploads\/2025\/12\/Los-Bioemprendimientos-768x512.jpg 768w, https:\/\/cefoindigena.org\/wp-content\/uploads\/2025\/12\/Los-Bioemprendimientos-1536x1024.jpg 1536w, https:\/\/cefoindigena.org\/wp-content\/uploads\/2025\/12\/Los-Bioemprendimientos-2048x1365.jpg 2048w, https:\/\/cefoindigena.org\/wp-content\/uploads\/2025\/12\/Los-Bioemprendimientos-18x12.jpg 18w\" sizes=\"(max-width: 800px) 100vw, 800px\" \/>\t\t\t\t\t\t\t\t\t\t\t\t\t\t\t<\/div>\n\t\t\t\t<\/div>\n\t\t<div class=\"elementor-element elementor-element-101944e e-con-full e-flex e-con e-child\" data-id=\"101944e\" data-element_type=\"container\" data-e-type=\"container\">\n\t\t\t\t<div class=\"elementor-element elementor-element-f9a9d44 elementor-widget__width-initial elementor-widget elementor-widget-text-editor\" data-id=\"f9a9d44\" data-element_type=\"widget\" data-e-type=\"widget\" data-widget_type=\"text-editor.default\">\n\t\t\t\t\t\t\t\t\t<p data-start=\"698\" data-end=\"1204\">Durante los \u00faltimos cuatro a\u00f1os, el CEFO <strong>ha trabajado en visibilizar a los defensores del territorio amaz\u00f3nico<\/strong>, desarrollar contenido educativo, recopilar recursos acad\u00e9micos y legales, y <strong>conectar a comunidades con expertos que puedan acompa\u00f1arlas ante vulneraciones de derechos<\/strong>. Este esfuerzo ha permitido ampliar su alcance m\u00e1s all\u00e1 de la Cuenca Amaz\u00f3nica, generando alianzas \u2014como en M\u00e9xico\u2014 que han dado lugar a programas formativos de alto nivel sobre temas como la Consulta Previa, Libre e Informada.<\/p><p data-start=\"1206\" data-end=\"1502\">El CEFO mantiene un v\u00ednculo directo con los territorios. Desde 2020 impulsa estrategias de conectividad para facilitar el acceso a la plataforma en comunidades remotas, y complementa este trabajo con encuentros presenciales (mingas) que permiten atender de manera cercana las necesidades locales.<\/p><p data-start=\"1504\" data-end=\"1812\">A futuro, el CEFO <strong>busca consolidarse como un referente en el di\u00e1logo entre el conocimiento ind\u00edgena y el occidental<\/strong>, promoviendo su articulaci\u00f3n para un objetivo com\u00fan: fortalecer los derechos y capacidades de los pueblos ind\u00edgenas y contribuir a la meta de COICA de proteger el 80% de la Amazon\u00eda para 2025.<\/p>\t\t\t\t\t\t\t\t<\/div>\n\t\t\t\t<\/div>\n\t\t\t\t<\/div>\n\t\t\t\t<\/div>\n\t\t<div class=\"elementor-element elementor-element-00b5b50 e-flex e-con-boxed e-con e-parent\" data-id=\"00b5b50\" data-element_type=\"container\" data-e-type=\"container\" data-settings=\"{&quot;background_background&quot;:&quot;classic&quot;}\">\n\t\t\t\t\t<div class=\"e-con-inner\">\n\t\t\t\t<div class=\"elementor-element elementor-element-5c42749 elementor-widget elementor-widget-heading\" data-id=\"5c42749\" data-element_type=\"widget\" data-e-type=\"widget\" data-widget_type=\"heading.default\">\n\t\t\t\t\t<h2 class=\"elementor-heading-title elementor-size-default\">Nuestro Equipo<\/h2>\t\t\t\t<\/div>\n\t\t\t\t<div class=\"elementor-element elementor-element-dff6ea3 elementor-widget elementor-widget-text-editor\" data-id=\"dff6ea3\" data-element_type=\"widget\" data-e-type=\"widget\" data-widget_type=\"text-editor.default\">\n\t\t\t\t\t\t\t\t\t<p>Nuestro equipo est\u00e1 formado por profesionales con un gran compromiso con el ejercicio pleno de los derechos de los pueblos ind\u00edgenas y un amplio conocimiento en diferentes \u00e1reas tem\u00e1ticas para hacer del CEFO un espacio inclusivo y con materiales diversos para que los pueblos ind\u00edgenas puedan ejercer sus derechos plenamente. \u00a1Con\u00f3cenos!<\/p>\t\t\t\t\t\t\t\t<\/div>\n\t\t<div class=\"elementor-element elementor-element-3bb7821 e-con-full e-flex e-con e-child\" data-id=\"3bb7821\" data-element_type=\"container\" data-e-type=\"container\">\n\t\t<div class=\"elementor-element elementor-element-3581ce3 e-con-full e-flex e-con e-child\" data-id=\"3581ce3\" data-element_type=\"container\" data-e-type=\"container\">\n\t\t\t\t<div class=\"elementor-element elementor-element-d381b6b elementor-position-top elementor-widget elementor-widget-image-box\" data-id=\"d381b6b\" data-element_type=\"widget\" data-e-type=\"widget\" data-widget_type=\"image-box.default\">\n\t\t\t\t\t<div class=\"elementor-image-box-wrapper\"><figure class=\"elementor-image-box-img\"><img decoding=\"async\" width=\"200\" height=\"200\" src=\"https:\/\/cefoindigena.org\/wp-content\/uploads\/2026\/02\/joaquin.jpeg\" class=\"attachment-full size-full wp-image-5059\" alt=\"\" srcset=\"https:\/\/cefoindigena.org\/wp-content\/uploads\/2026\/02\/joaquin.jpeg 200w, https:\/\/cefoindigena.org\/wp-content\/uploads\/2026\/02\/joaquin-150x150.jpeg 150w, https:\/\/cefoindigena.org\/wp-content\/uploads\/2026\/02\/joaquin-12x12.jpeg 12w\" sizes=\"(max-width: 200px) 100vw, 200px\" \/><\/figure><div class=\"elementor-image-box-content\"><h3 class=\"elementor-image-box-title\">Joaqu\u00edn Wray<\/h3><\/div><\/div>\t\t\t\t<\/div>\n\t\t\t\t<\/div>\n\t\t<div class=\"elementor-element elementor-element-c799a2d e-con-full e-flex e-con e-child\" data-id=\"c799a2d\" data-element_type=\"container\" data-e-type=\"container\">\n\t\t\t\t<div class=\"elementor-element elementor-element-19879bc elementor-position-top elementor-widget elementor-widget-image-box\" data-id=\"19879bc\" data-element_type=\"widget\" data-e-type=\"widget\" data-widget_type=\"image-box.default\">\n\t\t\t\t\t<div class=\"elementor-image-box-wrapper\"><figure class=\"elementor-image-box-img\"><img decoding=\"async\" width=\"512\" height=\"512\" src=\"https:\/\/cefoindigena.org\/wp-content\/uploads\/2026\/02\/Katia-Vicente-CEFO.jpg\" class=\"attachment-full size-full wp-image-5060\" alt=\"\" srcset=\"https:\/\/cefoindigena.org\/wp-content\/uploads\/2026\/02\/Katia-Vicente-CEFO.jpg 512w, https:\/\/cefoindigena.org\/wp-content\/uploads\/2026\/02\/Katia-Vicente-CEFO-300x300.jpg 300w, https:\/\/cefoindigena.org\/wp-content\/uploads\/2026\/02\/Katia-Vicente-CEFO-150x150.jpg 150w, https:\/\/cefoindigena.org\/wp-content\/uploads\/2026\/02\/Katia-Vicente-CEFO-12x12.jpg 12w\" sizes=\"(max-width: 512px) 100vw, 512px\" \/><\/figure><div class=\"elementor-image-box-content\"><h3 class=\"elementor-image-box-title\">Katia Vicente<\/h3><\/div><\/div>\t\t\t\t<\/div>\n\t\t\t\t<\/div>\n\t\t<div class=\"elementor-element elementor-element-c3f7478 e-con-full e-flex e-con e-child\" data-id=\"c3f7478\" data-element_type=\"container\" data-e-type=\"container\">\n\t\t\t\t<div class=\"elementor-element elementor-element-be23ca0 elementor-position-top elementor-widget elementor-widget-image-box\" data-id=\"be23ca0\" data-element_type=\"widget\" data-e-type=\"widget\" data-widget_type=\"image-box.default\">\n\t\t\t\t\t<div class=\"elementor-image-box-wrapper\"><figure class=\"elementor-image-box-img\"><img loading=\"lazy\" decoding=\"async\" width=\"350\" height=\"350\" src=\"https:\/\/cefoindigena.org\/wp-content\/uploads\/2026\/02\/Pablo-Yepez-CEFO.webp\" class=\"attachment-full size-full wp-image-5061\" alt=\"\" srcset=\"https:\/\/cefoindigena.org\/wp-content\/uploads\/2026\/02\/Pablo-Yepez-CEFO.webp 350w, https:\/\/cefoindigena.org\/wp-content\/uploads\/2026\/02\/Pablo-Yepez-CEFO-300x300.webp 300w, https:\/\/cefoindigena.org\/wp-content\/uploads\/2026\/02\/Pablo-Yepez-CEFO-150x150.webp 150w, https:\/\/cefoindigena.org\/wp-content\/uploads\/2026\/02\/Pablo-Yepez-CEFO-12x12.webp 12w\" sizes=\"(max-width: 350px) 100vw, 350px\" \/><\/figure><div class=\"elementor-image-box-content\"><h3 class=\"elementor-image-box-title\">Pablo Y\u00e9pez<\/h3><\/div><\/div>\t\t\t\t<\/div>\n\t\t\t\t<\/div>\n\t\t<div class=\"elementor-element elementor-element-bc170b1 e-con-full e-flex e-con e-child\" data-id=\"bc170b1\" data-element_type=\"container\" data-e-type=\"container\">\n\t\t\t\t<div class=\"elementor-element elementor-element-fd7e1f0 elementor-widget elementor-widget-image-box\" data-id=\"fd7e1f0\" data-element_type=\"widget\" data-e-type=\"widget\" data-widget_type=\"image-box.default\">\n\t\t\t\t\t<div class=\"elementor-image-box-wrapper\"><div class=\"elementor-image-box-content\"><h3 class=\"elementor-image-box-title\">Samay Lima<\/h3><\/div><\/div>\t\t\t\t<\/div>\n\t\t\t\t<\/div>\n\t\t\t\t<\/div>\n\t\t\t\t\t<\/div>\n\t\t\t\t<\/div>\n\t\t\t\t<\/div>","protected":false},"excerpt":{"rendered":"<p>C\u00d3NOCENOS \u00bfQu\u00e9 es CEFO? Se trata de una plataforma que brinda a los pueblos ind\u00edgenas acceso a recursos, informaci\u00f3n y herramientas sobre su cultura, historia y desaf\u00edos actuales. Su prop\u00f3sito es preservar y promover el conocimiento ind\u00edgena, fortalecer a las comunidades y apoyar sus formas de vida, ofreciendo adem\u00e1s un espacio para compartir experiencias y [&hellip;]<\/p>\n","protected":false},"author":1,"featured_media":0,"parent":0,"menu_order":0,"comment_status":"closed","ping_status":"closed","template":"elementor_header_footer","meta":{"_acf_changed":false,"footnotes":""},"class_list":["post-133","page","type-page","status-publish","hentry"],"acf":[],"_links":{"self":[{"href":"https:\/\/cefoindigena.org\/en\/wp-json\/wp\/v2\/pages\/133","targetHints":{"allow":["GET"]}}],"collection":[{"href":"https:\/\/cefoindigena.org\/en\/wp-json\/wp\/v2\/pages"}],"about":[{"href":"https:\/\/cefoindigena.org\/en\/wp-json\/wp\/v2\/types\/page"}],"author":[{"embeddable":true,"href":"https:\/\/cefoindigena.org\/en\/wp-json\/wp\/v2\/users\/1"}],"replies":[{"embeddable":true,"href":"https:\/\/cefoindigena.org\/en\/wp-json\/wp\/v2\/comments?post=133"}],"version-history":[{"count":13,"href":"https:\/\/cefoindigena.org\/en\/wp-json\/wp\/v2\/pages\/133\/revisions"}],"predecessor-version":[{"id":5189,"href":"https:\/\/cefoindigena.org\/en\/wp-json\/wp\/v2\/pages\/133\/revisions\/5189"}],"wp:attachment":[{"href":"https:\/\/cefoindigena.org\/en\/wp-json\/wp\/v2\/media?parent=133"}],"curies":[{"name":"wp","href":"https:\/\/api.w.org\/{rel}","templated":true}]}}