{"id":144,"date":"2025-11-17T20:19:15","date_gmt":"2025-11-17T19:19:15","guid":{"rendered":"https:\/\/cefoindigena.org\/?page_id=144"},"modified":"2026-04-10T20:37:09","modified_gmt":"2026-04-10T18:37:09","slug":"conectividad-significativa","status":"publish","type":"page","link":"https:\/\/cefoindigena.org\/en\/conectividad-significativa\/","title":{"rendered":"Conectividad Significativa"},"content":{"rendered":"<div data-elementor-type=\"wp-page\" data-elementor-id=\"144\" class=\"elementor elementor-144\" data-elementor-post-type=\"page\">\n\t\t\t\t<div class=\"elementor-element elementor-element-2b22d39 e-flex e-con-boxed e-con e-parent\" data-id=\"2b22d39\" data-element_type=\"container\" data-e-type=\"container\">\n\t\t\t\t\t<div class=\"e-con-inner\">\n\t\t\t\t<div class=\"elementor-element elementor-element-ad4422b elementor-widget elementor-widget-image\" data-id=\"ad4422b\" data-element_type=\"widget\" data-e-type=\"widget\" data-widget_type=\"image.default\">\n\t\t\t\t\t\t\t\t\t\t\t\t\t\t\t<img decoding=\"async\" src=\"https:\/\/cefoindigena.org\/wp-content\/plugins\/elementor\/assets\/images\/placeholder.png\" title=\"\" alt=\"\" loading=\"lazy\" \/>\t\t\t\t\t\t\t\t\t\t\t\t\t\t\t<\/div>\n\t\t\t\t<div class=\"elementor-element elementor-element-0e23ae4 elementor-widget elementor-widget-text-editor\" data-id=\"0e23ae4\" data-element_type=\"widget\" data-e-type=\"widget\" data-widget_type=\"text-editor.default\">\n\t\t\t\t\t\t\t\t\tDesde el a\u00f1o 2020 hemos desplegado una estrategia de conectividad para abordar la falta de acceso a Internet de los Pueblos Ind\u00edgenas de la Amazon\u00eda, asoci\u00e1ndonos con el sector privado para encontrar oportunidades de inversi\u00f3n en soluciones simples que reduzcan la brecha digital que existe en la Amazon\u00eda. Esta brecha digital crea barreras para que los Pueblos Ind\u00edgenas se eduquen a s\u00ed mismos y a sus hijos, accedan a informaci\u00f3n y servicios importantes relacionados con la salud, protejan sus tierras y culturas de la explotaci\u00f3n y ejerzan sus derechos a la libre determinaci\u00f3n.\nProponemos un modelo de conectividad a Internet de banda ancha replicable y escalable para toda la regi\u00f3n amaz\u00f3nica. Un Internet construido y manejado por las comunidades ind\u00edgenas amaz\u00f3nicas que permita posicionar al CEFO como un recurso\/herramienta t\u00e9cnica para promover el conocimiento y el respeto de los derechos ind\u00edgenas y permitir una conservaci\u00f3n de la Amazon\u00eda liderada por los mismos Pueblos Ind\u00edgenas.\t\t\t\t\t\t\t\t<\/div>\n\t\t\t\t<div class=\"elementor-element elementor-element-190e2e7 elementor-widget elementor-widget-heading\" data-id=\"190e2e7\" data-element_type=\"widget\" data-e-type=\"widget\" data-widget_type=\"heading.default\">\n\t\t\t\t\t<h2 class=\"elementor-heading-title elementor-size-default\">Nuestras estrategias<\/h2>\t\t\t\t<\/div>\n\t\t\t\t<div class=\"elementor-element elementor-element-e8e05b6 elementor-widget elementor-widget-text-editor\" data-id=\"e8e05b6\" data-element_type=\"widget\" data-e-type=\"widget\" data-widget_type=\"text-editor.default\">\n\t\t\t\t\t\t\t\t\t<p><strong>Alfabetizaci\u00f3n digital:<\/strong><br \/>Queremos brindarle a los Pueblos Ind\u00edgenas las herramientas que necesitan para competir en las mismas condiciones con otras personas en instituciones educativas y ofertas de trabajo fuera de sus comunidades.<br \/>Capacitar sobre las principales funcionalidades ciertos software como los programas de Microsoft Office<br \/>Generar gu\u00edas y contenidos para que los Pueblos Ind\u00edgenas utilicen las herramientas que tienen a su disposici\u00f3n para producir una comunicaci\u00f3n de alto impacto<\/p><p><strong>Propiedad comunitaria de la conexi\u00f3n a Internet:<\/strong><br \/>Pasamos por una fase de cocreaci\u00f3n del proyecto para que las comunidades entiendan la importancia y planifiquen la sostenibilidad de la conexi\u00f3n a Internet<br \/>Ayudamos a las comunidades a aprovechar sus relaciones comunitarias para crear un enfoque diferente de propiedad de su conexi\u00f3n a Internet.<br \/>Queremos que las comunidades se apropien del CEFO Ind\u00edgena como una herramienta \u00fatil a trav\u00e9s de esta conexi\u00f3n<\/p><p><strong>Educaci\u00f3n virtual:<\/strong><br \/>Queremos incluir a m\u00e1s comunidades ind\u00edgenas en nuestros cursos de educaci\u00f3n virtual como el curso CPLI<br \/>Una de las principales barreras para que los l\u00edderes ind\u00edgenas asistan a estos importantes eventos es su conexi\u00f3n a Internet.<br \/>La conectividad ayudar\u00e1 al CEFO a alcanzar su m\u00e1ximo potencial en las comunidades ind\u00edgenas<\/p><p><strong>Participaci\u00f3n del gobierno:<\/strong><br \/>Durante la pandemia, la mayor parte del material producido por el gobierno para informar sobre los peligros del virus COVID-19 no lleg\u00f3 a comunidades ajenas<br \/>Queremos que estas conexiones a Internet sean una puerta de acceso a algunos servicios gubernamentales que no llegan a las comunidades ind\u00edgenas debido a esta barrera de conectividad.<\/p><p><strong>Resultados clave esperados:<\/strong><br \/>Las voces de los Pueblos Ind\u00edgenas se escuchan en t\u00e9rminos de necesidades y consideraciones urgentes en relaci\u00f3n con la pandemia y las decisiones e impactos relacionados con el desarrollo de los recursos naturales para la conservaci\u00f3n y preservaci\u00f3n de sus territorios.<br \/>Los Pueblos Ind\u00edgenas pueden acceder a informaci\u00f3n sobre salud y medidas preventivas en la pandemia actual, as\u00ed como informaci\u00f3n general sobre derechos, cultura y desarrollo sostenible.<br \/>Los Pueblos Ind\u00edgenas entienden sus derechos y c\u00f3mo garantizar que estos sean protegidos y respetados.<br \/>Los pueblos ind\u00edgenas pueden acceder a recursos de aprendizaje en l\u00ednea para la educaci\u00f3n de ni\u00f1os y j\u00f3venes, as\u00ed como para el desarrollo profesional.<\/p>\t\t\t\t\t\t\t\t<\/div>\n\t\t\t\t\t<\/div>\n\t\t\t\t<\/div>\n\t\t\t\t<\/div>","protected":false},"excerpt":{"rendered":"<p>Desde el a\u00f1o 2020 hemos desplegado una estrategia de conectividad para abordar la falta de acceso a Internet de los Pueblos Ind\u00edgenas de la Amazon\u00eda, asoci\u00e1ndonos con el sector privado para encontrar oportunidades de inversi\u00f3n en soluciones simples que reduzcan la brecha digital que existe en la Amazon\u00eda. Esta brecha digital crea barreras para que [&hellip;]<\/p>\n","protected":false},"author":1,"featured_media":0,"parent":0,"menu_order":0,"comment_status":"closed","ping_status":"closed","template":"elementor_header_footer","meta":{"_acf_changed":false,"footnotes":""},"class_list":["post-144","page","type-page","status-publish","hentry"],"acf":[],"_links":{"self":[{"href":"https:\/\/cefoindigena.org\/en\/wp-json\/wp\/v2\/pages\/144","targetHints":{"allow":["GET"]}}],"collection":[{"href":"https:\/\/cefoindigena.org\/en\/wp-json\/wp\/v2\/pages"}],"about":[{"href":"https:\/\/cefoindigena.org\/en\/wp-json\/wp\/v2\/types\/page"}],"author":[{"embeddable":true,"href":"https:\/\/cefoindigena.org\/en\/wp-json\/wp\/v2\/users\/1"}],"replies":[{"embeddable":true,"href":"https:\/\/cefoindigena.org\/en\/wp-json\/wp\/v2\/comments?post=144"}],"version-history":[{"count":5,"href":"https:\/\/cefoindigena.org\/en\/wp-json\/wp\/v2\/pages\/144\/revisions"}],"predecessor-version":[{"id":5171,"href":"https:\/\/cefoindigena.org\/en\/wp-json\/wp\/v2\/pages\/144\/revisions\/5171"}],"wp:attachment":[{"href":"https:\/\/cefoindigena.org\/en\/wp-json\/wp\/v2\/media?parent=144"}],"curies":[{"name":"wp","href":"https:\/\/api.w.org\/{rel}","templated":true}]}}