{"id":152,"date":"2025-11-17T20:21:15","date_gmt":"2025-11-17T19:21:15","guid":{"rendered":"https:\/\/cefoindigena.org\/?page_id=152"},"modified":"2025-11-17T20:51:42","modified_gmt":"2025-11-17T19:51:42","slug":"monitoreo-territorial","status":"publish","type":"page","link":"https:\/\/cefoindigena.org\/en\/monitoreo-territorial\/","title":{"rendered":"Monitoreo Territorial"},"content":{"rendered":"<div data-elementor-type=\"wp-page\" data-elementor-id=\"152\" class=\"elementor elementor-152\" data-elementor-post-type=\"page\">\n\t\t\t\t<div class=\"elementor-element elementor-element-c6afa41 e-flex e-con-boxed e-con e-parent\" data-id=\"c6afa41\" data-element_type=\"container\" data-e-type=\"container\">\n\t\t\t\t\t<div class=\"e-con-inner\">\n\t\t\t\t<div class=\"elementor-element elementor-element-6517724 elementor-widget elementor-widget-heading\" data-id=\"6517724\" data-element_type=\"widget\" data-e-type=\"widget\" data-widget_type=\"heading.default\">\n\t\t\t\t\t<h2 class=\"elementor-heading-title elementor-size-default\">Nuestras estrategias<\/h2>\t\t\t\t<\/div>\n\t\t\t\t<div class=\"elementor-element elementor-element-5afe6a4 elementor-widget elementor-widget-text-editor\" data-id=\"5afe6a4\" data-element_type=\"widget\" data-e-type=\"widget\" data-widget_type=\"text-editor.default\">\n\t\t\t\t\t\t\t\t\t<p>Equitable Origin viene trabajando junto a COICA para cumplir la Meta de proteger el 80% de la Amazon\u00eda al 2025. Para ello estamos contribuyendo al despliegue del S.A.A.T. (Sistema de Alerta y Acci\u00f3n Temprana), un programa iniciativa destinada a establecer un sistema de monitoreo en tiempo real de m\u00e1s de 170.000 hect\u00e1reas de la Amazon\u00eda peruana en su fase piloto.<\/p><p>Desde 2020, hemos implementado dos proyectos piloto en territorios ind\u00edgenas mexicanos y ecuatorianos siendo amenazados por el avance de proyectos extractivos y de infraestructura que sin consulta alguna, han atravesado paisajes ind\u00edgenas v\u00edrgenes.<\/p><p>La urgencia de apoyar la construcci\u00f3n y operaci\u00f3n de este sistema es doble:<\/p><p>Nuestros socios ind\u00edgenas est\u00e1n recibiendo constantes amenazas contra sus vidas de operadores econ\u00f3micos ilegales: Madereros ilegales, mineros y narcotraficantes que se adentran en sus territorios. Estas amenazas se traducen en la migraci\u00f3n forzada de estas poblaciones y el abandono de la selva que protegen a manos perniciosas de extranjeros.<\/p><p>La Pandemia de COVID-19 resalt\u00f3 la brecha digital en comunidades aisladas, lo que signific\u00f3 la total falta de acceso a servicios y recursos de salud y educaci\u00f3n, el S.A.A.T tiene como objetivo reducir esta vulnerabilidad proporcionando acceso a Internet que se puede utilizar para garantizar la disponibilidad de estos importantes servicios. Complementando as\u00ed nuestra estrategia de conectividad.<\/p><p>Esta iniciativa busca cerrar la brecha tecnol\u00f3gica que existe entre las comunidades ind\u00edgenas, a trav\u00e9s de programas dirigidos por ind\u00edgenas escalables, replicables y basados en evidencia que apoyen el desarrollo de capacidades y el intercambio de conocimientos para permitir que los Pueblos Ind\u00edgenas aumenten su resiliencia, salvaguarden sus derechos y protejan sus (y nuestros) ecosistemas. En \u00faltima instancia, este enfoque se convertir\u00e1 en un mecanismo para que las comunidades ind\u00edgenas fortalezcan sus derechos, aumenten sus oportunidades econ\u00f3micas para acceder a los mercados de carbono; y compartan sus propios conocimientos, aprendizajes y estrategias para participar y liderar los esfuerzos de lucha contra el cambio clim\u00e1tico.<\/p><p>Creemos que este proyecto proporcionar\u00e1 un modelo replicable que se puede escalar en toda la regi\u00f3n amaz\u00f3nica. Estamos en una posici\u00f3n \u00fanica para escalar este proyecto con base en nuestra asociaci\u00f3n con COICA durante los \u00faltimos 10 a\u00f1os y nuestro enfoque \u00fanico de consentimiento libre, previo e informado para incorporar la participaci\u00f3n ind\u00edgena en cada paso de nuestros proyectos.<\/p>\t\t\t\t\t\t\t\t<\/div>\n\t\t\t\t\t<\/div>\n\t\t\t\t<\/div>\n\t\t\t\t<\/div>","protected":false},"excerpt":{"rendered":"<p>Nuestras estrategias Equitable Origin viene trabajando junto a COICA para cumplir la Meta de proteger el 80% de la Amazon\u00eda al 2025. Para ello estamos contribuyendo al despliegue del S.A.A.T. (Sistema de Alerta y Acci\u00f3n Temprana), un programa iniciativa destinada a establecer un sistema de monitoreo en tiempo real de m\u00e1s de 170.000 hect\u00e1reas de [&hellip;]<\/p>\n","protected":false},"author":1,"featured_media":0,"parent":0,"menu_order":0,"comment_status":"closed","ping_status":"closed","template":"elementor_header_footer","meta":{"_acf_changed":false,"footnotes":""},"class_list":["post-152","page","type-page","status-publish","hentry"],"acf":[],"_links":{"self":[{"href":"https:\/\/cefoindigena.org\/en\/wp-json\/wp\/v2\/pages\/152","targetHints":{"allow":["GET"]}}],"collection":[{"href":"https:\/\/cefoindigena.org\/en\/wp-json\/wp\/v2\/pages"}],"about":[{"href":"https:\/\/cefoindigena.org\/en\/wp-json\/wp\/v2\/types\/page"}],"author":[{"embeddable":true,"href":"https:\/\/cefoindigena.org\/en\/wp-json\/wp\/v2\/users\/1"}],"replies":[{"embeddable":true,"href":"https:\/\/cefoindigena.org\/en\/wp-json\/wp\/v2\/comments?post=152"}],"version-history":[{"count":7,"href":"https:\/\/cefoindigena.org\/en\/wp-json\/wp\/v2\/pages\/152\/revisions"}],"predecessor-version":[{"id":165,"href":"https:\/\/cefoindigena.org\/en\/wp-json\/wp\/v2\/pages\/152\/revisions\/165"}],"wp:attachment":[{"href":"https:\/\/cefoindigena.org\/en\/wp-json\/wp\/v2\/media?parent=152"}],"curies":[{"name":"wp","href":"https:\/\/api.w.org\/{rel}","templated":true}]}}